{"id":104,"date":"2024-11-10T14:23:34","date_gmt":"2024-11-10T14:23:34","guid":{"rendered":"https:\/\/aguascalientes420.com\/?page_id=104"},"modified":"2024-11-10T14:23:34","modified_gmt":"2024-11-10T14:23:34","slug":"metatags7","status":"publish","type":"page","link":"https:\/\/aguascalientes420.com\/index.php\/metatags7\/","title":{"rendered":"metatags7"},"content":{"rendered":"<p>entregas en mano Monterrey, edibles cannabis Monterrey, brownies cannabis Monterrey, gomitas cannabis Monterrey, pasteles cannabis Monterrey, cookies m\u00e1gicas cannabis Monterrey, cannabis calidad Monterrey, productos de cannabis frescos Monterrey, cannabis gourmet Monterrey, cannabis en Monterrey, compra edibles cannabis Monterrey, WhatsApp cannabis Monterrey, Telegram cannabis Monterrey, entrega cannabis Monterrey, mejor cannabis Monterrey, edibles frescos Monterrey, mejores edibles cannabis Monterrey, compra brownies cannabis Monterrey, gomitas de cannabis frescas Monterrey, pasteles de cannabis Monterrey, cookies de cannabis Monterrey, experiencia cannabis Monterrey, cannabis premium Monterrey, servicio de cannabis Monterrey, edibles cannabis en Monterrey, entrega r\u00e1pida cannabis Monterrey, productos de cannabis premium Monterrey.<\/p>\n<p><strong>lujo Monterrey<\/strong>,\u00a0<strong>productos de lujo Monterrey<\/strong>,\u00a0<strong>alta gama Monterrey<\/strong>,\u00a0<strong>moda de lujo Monterrey<\/strong>,\u00a0<strong>accesorios de lujo Monterrey<\/strong>,\u00a0<strong>relojes de lujo Monterrey<\/strong>,\u00a0<strong>joyer\u00eda de lujo Monterrey<\/strong>,\u00a0<strong>autos de lujo Monterrey<\/strong>,\u00a0<strong>inmuebles de lujo Monterrey<\/strong>,\u00a0<strong>experiencias de lujo Monterrey<\/strong>,\u00a0<strong>hoteles de lujo Monterrey<\/strong>,\u00a0<strong>restaurantes de lujo Monterrey<\/strong>,\u00a0<strong>marcas de lujo Monterrey<\/strong>,\u00a0<strong>cosm\u00e9ticos de lujo Monterrey<\/strong>,\u00a0<strong>ropa de dise\u00f1ador Monterrey<\/strong>,\u00a0<strong>zapatos de lujo Monterrey<\/strong>,\u00a0<strong>perfumes de lujo Monterrey<\/strong>,\u00a0<strong>carteras de lujo Monterrey<\/strong>,\u00a0<strong>art\u00edculos exclusivos Monterrey<\/strong>,\u00a0<strong>arte de lujo Monterrey<\/strong>,\u00a0<strong>yates de lujo Monterrey<\/strong>,\u00a0<strong>vacaciones de lujo Monterrey<\/strong>,\u00a0<strong>accesorios exclusivos Monterrey<\/strong>,\u00a0<strong>coches deportivos Monterrey<\/strong>,\u00a0<strong>joyas finas Monterrey<\/strong>,\u00a0<strong>paseos en yate Monterrey<\/strong>,\u00a0<strong>cursos exclusivos Monterrey<\/strong>,\u00a0<strong>gafas de sol de lujo Monterrey<\/strong>,\u00a0<strong>bienes ra\u00edces de lujo Monterrey<\/strong>,\u00a0<strong>spa de lujo Monterrey<\/strong>,\u00a0<strong>cenas gourmet Monterrey<\/strong>,\u00a0<strong>servicios exclusivos Monterrey<\/strong>,\u00a0<strong>turismo de lujo Monterrey<\/strong>,\u00a0<strong>moda de alta gama Monterrey<\/strong>,\u00a0<strong>coleccionables de lujo Monterrey<\/strong>,\u00a0<strong>experiencias exclusivas Monterrey<\/strong>,\u00a0<strong>eventos de lujo Monterrey<\/strong>,\u00a0<strong>productos premium Monterrey<\/strong>,\u00a0<strong>art\u00edculos de dise\u00f1ador Monterrey<\/strong>,\u00a0<strong>muebles de lujo Monterrey<\/strong>,\u00a0<strong>cursos de alta gama Monterrey<\/strong>,\u00a0<strong>ropa exclusiva Monterrey<\/strong>,\u00a0<strong>art\u00edculos de lujo Monterrey<\/strong>,\u00a0<strong>calzado de lujo Monterrey<\/strong>,\u00a0<strong>vinos premium Monterrey<\/strong>,\u00a0<strong>c\u00f3cteles exclusivos Monterrey<\/strong>,\u00a0<strong>autos deportivos Monterrey<\/strong>,\u00a0<strong>joyer\u00eda exclusiva Monterrey<\/strong>,\u00a0<strong>hoteles cinco estrellas Monterrey<\/strong>,\u00a0<strong>servicios de lujo Monterrey<\/strong>,\u00a0<strong>eventos exclusivos Monterrey<\/strong>,\u00a0<strong>estilo de vida de lujo Monterrey<\/strong>,\u00a0<strong>ropa de marca Monterrey<\/strong>,\u00a0<strong>dise\u00f1o de interiores de lujo Monterrey<\/strong>,\u00a0<strong>paseos en limusina Monterrey<\/strong>,\u00a0<strong>relojes exclusivos Monterrey<\/strong>,\u00a0<strong>experiencias de alta gama Monterrey<\/strong>,\u00a0<strong>productos exclusivos Monterrey<\/strong>,\u00a0<strong>viajes de lujo Monterrey<\/strong>,\u00a0<strong>destinos exclusivos Monterrey<\/strong>,\u00a0<strong>m\u00fasica en vivo de lujo Monterrey<\/strong>,\u00a0<strong>servicios de alta gama Monterrey<\/strong>,\u00a0<strong>moda de lujo M\u00e9xico<\/strong>,\u00a0<strong>arte de lujo M\u00e9xico<\/strong>,\u00a0<strong>autos de lujo M\u00e9xico<\/strong>,\u00a0<strong>joyer\u00eda de lujo M\u00e9xico<\/strong>,\u00a0<strong>vacaciones de lujo M\u00e9xico<\/strong>,\u00a0<strong>experiencias de lujo M\u00e9xico<\/strong>,\u00a0<strong>hoteles de lujo M\u00e9xico<\/strong>,\u00a0<strong>restaurantes de lujo M\u00e9xico<\/strong>,\u00a0<strong>productos premium M\u00e9xico<\/strong>,\u00a0<strong>ropa de dise\u00f1ador M\u00e9xico<\/strong>,\u00a0<strong>accesorios de lujo M\u00e9xico<\/strong>,\u00a0<strong>spa de lujo M\u00e9xico<\/strong>,\u00a0<strong>cenas gourmet M\u00e9xico<\/strong>,\u00a0<strong>relojes de lujo M\u00e9xico<\/strong>,\u00a0<strong>cosm\u00e9ticos de lujo M\u00e9xico<\/strong>,\u00a0<strong>marcas de lujo M\u00e9xico<\/strong>,\u00a0<strong>arte de alta gama M\u00e9xico<\/strong>,\u00a0<strong>inmuebles de lujo M\u00e9xico<\/strong>,\u00a0<strong>yates de lujo M\u00e9xico<\/strong>,\u00a0<strong>paseos en yate M\u00e9xico<\/strong>,\u00a0<strong>autos deportivos M\u00e9xico<\/strong>,\u00a0<strong>moda de alta gama M\u00e9xico<\/strong>,\u00a0<strong>productos exclusivos M\u00e9xico<\/strong>,\u00a0<strong>calzado de lujo M\u00e9xico<\/strong>,\u00a0<strong>art\u00edculos de lujo M\u00e9xico<\/strong>,\u00a0<strong>experiencias exclusivas M\u00e9xico<\/strong>,\u00a0<strong>eventos de lujo M\u00e9xico<\/strong>,\u00a0<strong>joyas finas M\u00e9xico<\/strong>,\u00a0<strong>ropa exclusiva M\u00e9xico<\/strong>,\u00a0<strong>muebles de lujo M\u00e9xico<\/strong>,\u00a0<strong>vinos premium M\u00e9xico<\/strong>,\u00a0<strong>cocteles exclusivos M\u00e9xico<\/strong>,\u00a0<strong>cursos exclusivos M\u00e9xico<\/strong>,\u00a0<strong>art\u00edculos de dise\u00f1ador M\u00e9xico<\/strong>,\u00a0<strong>coleccionables de lujo M\u00e9xico<\/strong>,\u00a0<strong>dise\u00f1o de interiores de lujo M\u00e9xico<\/strong>,\u00a0<strong>estilo de vida de lujo M\u00e9xico<\/strong>,\u00a0<strong>eventos exclusivos M\u00e9xico<\/strong>,\u00a0<strong>paseos en limusina M\u00e9xico<\/strong>,\u00a0<strong>experiencias de alta gama M\u00e9xico<\/strong>,\u00a0<strong>productos de lujo Monterrey NL<\/strong>,\u00a0<strong>moda de lujo Monterrey NL<\/strong>,\u00a0<strong>joyer\u00eda de lujo Monterrey NL<\/strong>,\u00a0<strong>autos de lujo Monterrey NL<\/strong>,\u00a0<strong>inmuebles de lujo Monterrey NL<\/strong>,\u00a0<strong>vacaciones de lujo Monterrey NL<\/strong>,\u00a0<strong>productos premium Monterrey NL<\/strong>,\u00a0<strong>ropa de dise\u00f1ador Monterrey NL<\/strong>,\u00a0<strong>accesorios de lujo Monterrey NL<\/strong>,\u00a0<strong>experiencias exclusivas Monterrey NL<\/strong>,\u00a0<strong>servicios de lujo Monterrey NL<\/strong>,\u00a0<strong>arte de lujo Monterrey NL<\/strong>,\u00a0<strong>muebles de lujo Monterrey NL<\/strong>,\u00a0<strong>cosm\u00e9ticos de lujo Monterrey NL<\/strong>,\u00a0<strong>vinos premium Monterrey NL<\/strong>,\u00a0<strong>cocteles exclusivos Monterrey NL<\/strong>,\u00a0<strong>moda de alta gama Monterrey NL<\/strong>,\u00a0<strong>relojes exclusivos Monterrey NL<\/strong>,\u00a0<strong>autos deportivos Monterrey NL<\/strong>,\u00a0<strong>joyas finas Monterrey NL<\/strong>,\u00a0<strong>paseos en yate Monterrey NL<\/strong>,\u00a0<strong>productos exclusivos Monterrey NL<\/strong>,\u00a0<strong>eventos de lujo Monterrey NL<\/strong>,\u00a0<strong>estilo de vida de lujo Monterrey NL<\/strong>,\u00a0<strong>calzado de lujo Monterrey NL<\/strong>,\u00a0<strong>ropa exclusiva Monterrey NL<\/strong>,\u00a0<strong>spa de lujo Monterrey NL<\/strong>,\u00a0<strong>dise\u00f1o de interiores de lujo Monterrey NL<\/strong>,\u00a0<strong>servicios exclusivos Monterrey NL<\/strong>,\u00a0<strong>productos de lujo M\u00e9xico DF<\/strong>,\u00a0<strong>productos de lujo Guadalajara<\/strong>,\u00a0<strong>productos de lujo Canc\u00fan<\/strong>,\u00a0<strong>productos de lujo Tijuana<\/strong>,\u00a0<strong>productos de lujo Puebla<\/strong>,\u00a0<strong>productos de lujo Quer\u00e9taro<\/strong>,\u00a0<strong>productos de lujo M\u00e9rida<\/strong>,\u00a0<strong>productos de lujo San Luis Potos\u00ed<\/strong>,\u00a0<strong>productos de lujo Le\u00f3n<\/strong>,\u00a0<strong>productos de lujo Ciudad Ju\u00e1rez<\/strong>,\u00a0<strong>productos de lujo Toluca<\/strong>,\u00a0<strong>productos de lujo Hermosillo<\/strong>,\u00a0<strong>productos de lujo Saltillo<\/strong>,\u00a0<strong>productos de lujo Aguascalientes<\/strong>,\u00a0<strong>productos de lujo Culiac\u00e1n<\/strong>,\u00a0<strong>productos de lujo Chihuahua<\/strong>,\u00a0<strong>productos de lujo Veracruz<\/strong>,\u00a0<strong>productos de lujo Morelia<\/strong>,\u00a0<strong>productos de lujo Tuxtla Guti\u00e9rrez<\/strong>,\u00a0<strong>productos de lujo Monterrey Nuevo Le\u00f3n<\/strong>.<\/p>\n","protected":false},"excerpt":{"rendered":"<p>entregas en mano Monterrey, edibles cannabis Monterrey, brownies cannabis Monterrey, gomitas cannabis Monterrey, pasteles cannabis Monterrey, cookies m\u00e1gicas cannabis Monterrey, cannabis calidad Monterrey, productos de cannabis frescos Monterrey, cannabis gourmet Monterrey, cannabis en Monterrey, compra edibles cannabis Monterrey, WhatsApp cannabis Monterrey, Telegram cannabis Monterrey, entrega cannabis Monterrey, mejor cannabis Monterrey, edibles frescos Monterrey, mejores edibles [&hellip;]<\/p>\n","protected":false},"author":1,"featured_media":0,"parent":0,"menu_order":0,"comment_status":"closed","ping_status":"closed","template":"","meta":{"footnotes":""},"class_list":["post-104","page","type-page","status-publish","hentry"],"yoast_head":"<!-- This site is optimized with the Yoast SEO plugin v25.2 - https:\/\/yoast.com\/wordpress\/plugins\/seo\/ -->\n<title>metatags7 - Comprar Mota Marihuana 420 Aguascalientes \u00bfDonde Conseguir Productos Cannabicos en Aguascalientes ? - Visitanos ! Whatsapp 00528135669557 - 00528132769756 Alex Sec#2- Buy Weed in Aguascalientes, Comprar Cannabis Aguascalientes - THC Weed 420 Aguascalientes<\/title>\n<meta name=\"robots\" content=\"index, follow, max-snippet:-1, max-image-preview:large, max-video-preview:-1\" \/>\n<link rel=\"canonical\" href=\"https:\/\/aguascalientes420.com\/index.php\/metatags7\/\" \/>\n<meta property=\"og:locale\" content=\"es_MX\" \/>\n<meta property=\"og:type\" content=\"article\" \/>\n<meta property=\"og:title\" content=\"metatags7 - Comprar Mota Marihuana 420 Aguascalientes \u00bfDonde Conseguir Productos Cannabicos en Aguascalientes ? - Visitanos ! Whatsapp 00528135669557 - 00528132769756 Alex Sec#2- Buy Weed in Aguascalientes, Comprar Cannabis Aguascalientes - THC Weed 420 Aguascalientes\" \/>\n<meta property=\"og:description\" content=\"entregas en mano Monterrey, edibles cannabis Monterrey, brownies cannabis Monterrey, gomitas cannabis Monterrey, pasteles cannabis Monterrey, cookies m\u00e1gicas cannabis Monterrey, cannabis calidad Monterrey, productos de cannabis frescos Monterrey, cannabis gourmet Monterrey, cannabis en Monterrey, compra edibles cannabis Monterrey, WhatsApp cannabis Monterrey, Telegram cannabis Monterrey, entrega cannabis Monterrey, mejor cannabis Monterrey, edibles frescos Monterrey, mejores edibles [&hellip;]\" \/>\n<meta property=\"og:url\" content=\"https:\/\/aguascalientes420.com\/index.php\/metatags7\/\" \/>\n<meta property=\"og:site_name\" content=\"Comprar Mota Marihuana 420 Aguascalientes \u00bfDonde Conseguir Productos Cannabicos en Aguascalientes ? - Visitanos ! Whatsapp 00528135669557 - 00528132769756 Alex Sec#2- Buy Weed in Aguascalientes, Comprar Cannabis Aguascalientes - THC Weed 420 Aguascalientes\" \/>\n<meta name=\"twitter:card\" content=\"summary_large_image\" \/>\n<script type=\"application\/ld+json\" class=\"yoast-schema-graph\">{\"@context\":\"https:\/\/schema.org\",\"@graph\":[{\"@type\":\"WebPage\",\"@id\":\"https:\/\/aguascalientes420.com\/index.php\/metatags7\/\",\"url\":\"https:\/\/aguascalientes420.com\/index.php\/metatags7\/\",\"name\":\"metatags7 - Comprar Mota Marihuana 420 Aguascalientes \u00bfDonde Conseguir Productos Cannabicos en Aguascalientes ? - Visitanos ! Whatsapp 00528135669557 - 00528132769756 Alex Sec#2- Buy Weed in Aguascalientes, Comprar Cannabis Aguascalientes - THC Weed 420 Aguascalientes\",\"isPartOf\":{\"@id\":\"https:\/\/aguascalientes420.com\/#website\"},\"datePublished\":\"2024-11-10T14:23:34+00:00\",\"breadcrumb\":{\"@id\":\"https:\/\/aguascalientes420.com\/index.php\/metatags7\/#breadcrumb\"},\"inLanguage\":\"es\",\"potentialAction\":[{\"@type\":\"ReadAction\",\"target\":[\"https:\/\/aguascalientes420.com\/index.php\/metatags7\/\"]}]},{\"@type\":\"BreadcrumbList\",\"@id\":\"https:\/\/aguascalientes420.com\/index.php\/metatags7\/#breadcrumb\",\"itemListElement\":[{\"@type\":\"ListItem\",\"position\":1,\"name\":\"Inicio\",\"item\":\"https:\/\/aguascalientes420.com\/\"},{\"@type\":\"ListItem\",\"position\":2,\"name\":\"metatags7\"}]},{\"@type\":\"WebSite\",\"@id\":\"https:\/\/aguascalientes420.com\/#website\",\"url\":\"https:\/\/aguascalientes420.com\/\",\"name\":\"Comprar Mota Marihuana 420 Aguascalientes \u00bfDonde Conseguir Productos Cannabicos en Aguascalientes ? - Visitanos ! Whatsapp 00528135669557 - 00528132769756 Alex Sec#2- Buy Weed in Aguascalientes, Comprar Cannabis Aguascalientes - THC Weed 420 Aguascalientes\",\"description\":\"Buy Weed Aguas Calientes Mexico, Conseguir marihuana aguascalientes, 420 aguascalientes, brownie cannabis aguascalientes, Mota a domicilio Aguascalientes \",\"potentialAction\":[{\"@type\":\"SearchAction\",\"target\":{\"@type\":\"EntryPoint\",\"urlTemplate\":\"https:\/\/aguascalientes420.com\/?s={search_term_string}\"},\"query-input\":{\"@type\":\"PropertyValueSpecification\",\"valueRequired\":true,\"valueName\":\"search_term_string\"}}],\"inLanguage\":\"es\"}]}<\/script>\n<!-- \/ Yoast SEO plugin. -->","yoast_head_json":{"title":"metatags7 - Comprar Mota Marihuana 420 Aguascalientes \u00bfDonde Conseguir Productos Cannabicos en Aguascalientes ? - Visitanos ! Whatsapp 00528135669557 - 00528132769756 Alex Sec#2- Buy Weed in Aguascalientes, Comprar Cannabis Aguascalientes - THC Weed 420 Aguascalientes","robots":{"index":"index","follow":"follow","max-snippet":"max-snippet:-1","max-image-preview":"max-image-preview:large","max-video-preview":"max-video-preview:-1"},"canonical":"https:\/\/aguascalientes420.com\/index.php\/metatags7\/","og_locale":"es_MX","og_type":"article","og_title":"metatags7 - Comprar Mota Marihuana 420 Aguascalientes \u00bfDonde Conseguir Productos Cannabicos en Aguascalientes ? - Visitanos ! Whatsapp 00528135669557 - 00528132769756 Alex Sec#2- Buy Weed in Aguascalientes, Comprar Cannabis Aguascalientes - THC Weed 420 Aguascalientes","og_description":"entregas en mano Monterrey, edibles cannabis Monterrey, brownies cannabis Monterrey, gomitas cannabis Monterrey, pasteles cannabis Monterrey, cookies m\u00e1gicas cannabis Monterrey, cannabis calidad Monterrey, productos de cannabis frescos Monterrey, cannabis gourmet Monterrey, cannabis en Monterrey, compra edibles cannabis Monterrey, WhatsApp cannabis Monterrey, Telegram cannabis Monterrey, entrega cannabis Monterrey, mejor cannabis Monterrey, edibles frescos Monterrey, mejores edibles [&hellip;]","og_url":"https:\/\/aguascalientes420.com\/index.php\/metatags7\/","og_site_name":"Comprar Mota Marihuana 420 Aguascalientes \u00bfDonde Conseguir Productos Cannabicos en Aguascalientes ? - Visitanos ! Whatsapp 00528135669557 - 00528132769756 Alex Sec#2- Buy Weed in Aguascalientes, Comprar Cannabis Aguascalientes - THC Weed 420 Aguascalientes","twitter_card":"summary_large_image","schema":{"@context":"https:\/\/schema.org","@graph":[{"@type":"WebPage","@id":"https:\/\/aguascalientes420.com\/index.php\/metatags7\/","url":"https:\/\/aguascalientes420.com\/index.php\/metatags7\/","name":"metatags7 - Comprar Mota Marihuana 420 Aguascalientes \u00bfDonde Conseguir Productos Cannabicos en Aguascalientes ? - Visitanos ! Whatsapp 00528135669557 - 00528132769756 Alex Sec#2- Buy Weed in Aguascalientes, Comprar Cannabis Aguascalientes - THC Weed 420 Aguascalientes","isPartOf":{"@id":"https:\/\/aguascalientes420.com\/#website"},"datePublished":"2024-11-10T14:23:34+00:00","breadcrumb":{"@id":"https:\/\/aguascalientes420.com\/index.php\/metatags7\/#breadcrumb"},"inLanguage":"es","potentialAction":[{"@type":"ReadAction","target":["https:\/\/aguascalientes420.com\/index.php\/metatags7\/"]}]},{"@type":"BreadcrumbList","@id":"https:\/\/aguascalientes420.com\/index.php\/metatags7\/#breadcrumb","itemListElement":[{"@type":"ListItem","position":1,"name":"Inicio","item":"https:\/\/aguascalientes420.com\/"},{"@type":"ListItem","position":2,"name":"metatags7"}]},{"@type":"WebSite","@id":"https:\/\/aguascalientes420.com\/#website","url":"https:\/\/aguascalientes420.com\/","name":"Comprar Mota Marihuana 420 Aguascalientes \u00bfDonde Conseguir Productos Cannabicos en Aguascalientes ? - Visitanos ! Whatsapp 00528135669557 - 00528132769756 Alex Sec#2- Buy Weed in Aguascalientes, Comprar Cannabis Aguascalientes - THC Weed 420 Aguascalientes","description":"Buy Weed Aguas Calientes Mexico, Conseguir marihuana aguascalientes, 420 aguascalientes, brownie cannabis aguascalientes, Mota a domicilio Aguascalientes ","potentialAction":[{"@type":"SearchAction","target":{"@type":"EntryPoint","urlTemplate":"https:\/\/aguascalientes420.com\/?s={search_term_string}"},"query-input":{"@type":"PropertyValueSpecification","valueRequired":true,"valueName":"search_term_string"}}],"inLanguage":"es"}]}},"_links":{"self":[{"href":"https:\/\/aguascalientes420.com\/index.php\/wp-json\/wp\/v2\/pages\/104","targetHints":{"allow":["GET"]}}],"collection":[{"href":"https:\/\/aguascalientes420.com\/index.php\/wp-json\/wp\/v2\/pages"}],"about":[{"href":"https:\/\/aguascalientes420.com\/index.php\/wp-json\/wp\/v2\/types\/page"}],"author":[{"embeddable":true,"href":"https:\/\/aguascalientes420.com\/index.php\/wp-json\/wp\/v2\/users\/1"}],"replies":[{"embeddable":true,"href":"https:\/\/aguascalientes420.com\/index.php\/wp-json\/wp\/v2\/comments?post=104"}],"version-history":[{"count":1,"href":"https:\/\/aguascalientes420.com\/index.php\/wp-json\/wp\/v2\/pages\/104\/revisions"}],"predecessor-version":[{"id":105,"href":"https:\/\/aguascalientes420.com\/index.php\/wp-json\/wp\/v2\/pages\/104\/revisions\/105"}],"wp:attachment":[{"href":"https:\/\/aguascalientes420.com\/index.php\/wp-json\/wp\/v2\/media?parent=104"}],"curies":[{"name":"wp","href":"https:\/\/api.w.org\/{rel}","templated":true}]}}